{"id":902,"date":"2025-01-03T11:51:27","date_gmt":"2025-01-03T10:51:27","guid":{"rendered":"https:\/\/diestimmschule.de\/?page_id=902"},"modified":"2026-02-16T18:48:02","modified_gmt":"2026-02-16T17:48:02","slug":"singen-mit-herz","status":"publish","type":"page","link":"https:\/\/diestimmschule.de\/index.php\/singen-mit-herz\/","title":{"rendered":"Inklusionschor: Singen mit Herz"},"content":{"rendered":"<div class=\"wp-block-image\">\n<figure class=\"aligncenter size-large is-resized\"><img loading=\"lazy\" decoding=\"async\" width=\"724\" height=\"1024\" src=\"https:\/\/diestimmschule.de\/wp-content\/uploads\/2025\/01\/Inklusionschor-pdf-724x1024.jpg\" alt=\"\" class=\"wp-image-905\" style=\"width:431px;height:auto\"\/><\/figure>\n<\/div>\n\n\n<p><\/p>\n\n\n\n<p>In Zusammenarbeit mit der B\u00fcrgerbegegnungsst\u00e4tte gr\u00fcndete sich im Mai 2024 dieser wunderbare gemischte Chor. Hier ist jeder Willkommen, mit und ohne Beeintr\u00e4chtigungen, aus allen Glaubensrichtungen und Kulturen. Unser Repertoire ist einstimmig bis h\u00f6chstens dreistimmig. Wir sind meistens zwischen 20 und 30 Teilnehmern. Der Chor ist jederzeit offen f\u00fcr neue Teilnehmer. Einfach dazukommen, eine Anmeldung ist nicht erforderlich. <\/p>\n\n\n\n<ul class=\"wp-block-list\">\n<li><strong>Mittwochs, 16:30 bis 18 Uhr,<\/strong> gesungen wird ab 17 Uhr.<\/li>\n\n\n\n<li>Ort: Familienzentrum und B\u00fcrgerbegegnungsst\u00e4tte, <strong>Rathausmarkt 3<\/strong><em>,<\/em> 24340 Eckernf\u00f6rde<\/li>\n\n\n\n<li><strong>freiwillige Spende (nur wenn m\u00f6glich) 5,- Euro<\/strong><\/li>\n<\/ul>\n\n\n\n<p>F\u00fcr Fragen schreib mir eine Email an: <a href=\"mailto:info@diestimmschule.de\">info@diestimmschule.de<\/a><\/p>\n\n\n\n<p><\/p>\n\n\n\n<p><\/p>\n","protected":false},"excerpt":{"rendered":"<p>In Zusammenarbeit mit der B\u00fcrgerbegegnungsst\u00e4tte gr\u00fcndete sich im Mai 2024 dieser wunderbare gemischte Chor. Hier ist jeder Willkommen, mit und ohne Beeintr\u00e4chtigungen, aus allen Glaubensrichtungen und Kulturen. Unser Repertoire ist einstimmig bis h\u00f6chstens dreistimmig. Wir sind meistens zwischen 20 und 30 Teilnehmern. Der Chor ist jederzeit offen f\u00fcr neue Teilnehmer. Einfach dazukommen, eine Anmeldung ist &hellip; <\/p>\n","protected":false},"author":1,"featured_media":0,"parent":0,"menu_order":0,"comment_status":"closed","ping_status":"closed","template":"","meta":{"footnotes":""},"class_list":["post-902","page","type-page","status-publish","hentry","latest_post"],"_links":{"self":[{"href":"https:\/\/diestimmschule.de\/index.php\/wp-json\/wp\/v2\/pages\/902","targetHints":{"allow":["GET"]}}],"collection":[{"href":"https:\/\/diestimmschule.de\/index.php\/wp-json\/wp\/v2\/pages"}],"about":[{"href":"https:\/\/diestimmschule.de\/index.php\/wp-json\/wp\/v2\/types\/page"}],"author":[{"embeddable":true,"href":"https:\/\/diestimmschule.de\/index.php\/wp-json\/wp\/v2\/users\/1"}],"replies":[{"embeddable":true,"href":"https:\/\/diestimmschule.de\/index.php\/wp-json\/wp\/v2\/comments?post=902"}],"version-history":[{"count":8,"href":"https:\/\/diestimmschule.de\/index.php\/wp-json\/wp\/v2\/pages\/902\/revisions"}],"predecessor-version":[{"id":2427,"href":"https:\/\/diestimmschule.de\/index.php\/wp-json\/wp\/v2\/pages\/902\/revisions\/2427"}],"wp:attachment":[{"href":"https:\/\/diestimmschule.de\/index.php\/wp-json\/wp\/v2\/media?parent=902"}],"curies":[{"name":"wp","href":"https:\/\/api.w.org\/{rel}","templated":true}]}}