{"id":895,"date":"2025-01-03T10:52:27","date_gmt":"2025-01-03T09:52:27","guid":{"rendered":"https:\/\/diestimmschule.de\/?page_id=895"},"modified":"2025-08-12T08:02:26","modified_gmt":"2025-08-12T06:02:26","slug":"individual-voices","status":"publish","type":"page","link":"https:\/\/diestimmschule.de\/index.php\/individual-voices\/","title":{"rendered":"Chor: Individual Voices"},"content":{"rendered":"<div class=\"wp-block-image\">\n<figure class=\"aligncenter size-large is-resized\"><img loading=\"lazy\" decoding=\"async\" width=\"1024\" height=\"683\" src=\"https:\/\/diestimmschule.de\/wp-content\/uploads\/2025\/08\/DSC_3094-1024x683.jpg\" alt=\"\" class=\"wp-image-1719\" style=\"width:448px;height:auto\" srcset=\"https:\/\/diestimmschule.de\/wp-content\/uploads\/2025\/08\/DSC_3094-1024x683.jpg 1024w, https:\/\/diestimmschule.de\/wp-content\/uploads\/2025\/08\/DSC_3094-300x200.jpg 300w, https:\/\/diestimmschule.de\/wp-content\/uploads\/2025\/08\/DSC_3094-768x512.jpg 768w, https:\/\/diestimmschule.de\/wp-content\/uploads\/2025\/08\/DSC_3094-1536x1024.jpg 1536w, https:\/\/diestimmschule.de\/wp-content\/uploads\/2025\/08\/DSC_3094-2048x1365.jpg 2048w\" sizes=\"auto, (max-width: 1024px) 100vw, 1024px\" \/><\/figure>\n<\/div>\n\n\n<p>Die neue Website der Individual Voices: <\/p>\n\n\n\n<div class=\"wp-block-buttons is-content-justification-center is-layout-flex wp-container-core-buttons-is-layout-16018d1d wp-block-buttons-is-layout-flex\">\n<div class=\"wp-block-button\"><a class=\"wp-block-button__link wp-element-button\" href=\"https:\/\/voiceschor.de\/\" target=\"_blank\" rel=\"noreferrer noopener\">Klicke hier und lerne die Voices kennen<\/a><\/div>\n<\/div>\n\n\n\n<p><\/p>\n\n\n\n<p>Im Februar 2023 gr\u00fcndete ich meinen eigenen Chor. Diese bunt gemischte Truppe startete mit v\u00f6llig unterschiedlichen Voraussetzungen. Einige hatten noch nie vorher gesungen, andere schon mehrere Ch\u00f6re besucht. Wir begannen einstimmig und mit vielen Experimenten. Inzwischen haben sich die Mitglieder fest zusammen gefunden, wir singen drei -und vierstimmige Arrangements aus der ganzen Chorwelt. <\/p>\n\n\n\n<p>F\u00fcr weitere Informationen klick bitte auf den Button oben!<\/p>\n","protected":false},"excerpt":{"rendered":"<p>Die neue Website der Individual Voices: Im Februar 2023 gr\u00fcndete ich meinen eigenen Chor. Diese bunt gemischte Truppe startete mit v\u00f6llig unterschiedlichen Voraussetzungen. Einige hatten noch nie vorher gesungen, andere schon mehrere Ch\u00f6re besucht. Wir begannen einstimmig und mit vielen Experimenten. Inzwischen haben sich die Mitglieder fest zusammen gefunden, wir singen drei -und vierstimmige Arrangements &hellip; <\/p>\n","protected":false},"author":1,"featured_media":0,"parent":0,"menu_order":0,"comment_status":"closed","ping_status":"closed","template":"","meta":{"footnotes":""},"class_list":["post-895","page","type-page","status-publish","hentry","latest_post"],"_links":{"self":[{"href":"https:\/\/diestimmschule.de\/index.php\/wp-json\/wp\/v2\/pages\/895","targetHints":{"allow":["GET"]}}],"collection":[{"href":"https:\/\/diestimmschule.de\/index.php\/wp-json\/wp\/v2\/pages"}],"about":[{"href":"https:\/\/diestimmschule.de\/index.php\/wp-json\/wp\/v2\/types\/page"}],"author":[{"embeddable":true,"href":"https:\/\/diestimmschule.de\/index.php\/wp-json\/wp\/v2\/users\/1"}],"replies":[{"embeddable":true,"href":"https:\/\/diestimmschule.de\/index.php\/wp-json\/wp\/v2\/comments?post=895"}],"version-history":[{"count":10,"href":"https:\/\/diestimmschule.de\/index.php\/wp-json\/wp\/v2\/pages\/895\/revisions"}],"predecessor-version":[{"id":1720,"href":"https:\/\/diestimmschule.de\/index.php\/wp-json\/wp\/v2\/pages\/895\/revisions\/1720"}],"wp:attachment":[{"href":"https:\/\/diestimmschule.de\/index.php\/wp-json\/wp\/v2\/media?parent=895"}],"curies":[{"name":"wp","href":"https:\/\/api.w.org\/{rel}","templated":true}]}}