{"id":757,"date":"2025-01-02T18:42:43","date_gmt":"2025-01-02T17:42:43","guid":{"rendered":"https:\/\/diestimmschule.de\/?page_id=757"},"modified":"2026-02-23T19:49:01","modified_gmt":"2026-02-23T18:49:01","slug":"workshop-a-cappella-singen","status":"publish","type":"page","link":"https:\/\/diestimmschule.de\/index.php\/workshop-a-cappella-singen\/","title":{"rendered":"Die A-cappella Workshop Reihe"},"content":{"rendered":"\n<p><a href=\"https:\/\/diestimmschule.de\/index.php\/a-cappella-2026-songs\/\" data-type=\"page\" data-id=\"2446\" target=\"_blank\" rel=\"noreferrer noopener\"><strong><em>Hier findest du die Noten und Aufnahmen der A-cappella Workshop Reihe 2026<\/em><\/strong><\/a><\/p>\n\n\n\n<p>Die a-cappella-Workshop-Reihe ist aus dem ersten a-cappella-Workshop im August 2025 entstanden. Alle Teilnehmerinnen und Teilnehmer wollten nach diesem Workshop mehr. Mehr singen, mehr St\u00fccke, mehr lernen. Da ich selber ein gro\u00dfer a-cappella-Fan bin, habe ich also f\u00fcr das Jahr 2026 eine Reihe a-cappella-Workshops konzipiert. Diese Workshops sind nur f\u00fcr erfahrene und sichere S\u00e4nger geeignet, die bereit sind, sich f\u00fcr den Workshop auch zu Hause mit Hilfe von Noten und Aufnahmen, die ich bereitstellen werde, vorzubereiten. Ich bitte dich, dies zu ber\u00fccksichtigen, wenn du dich anmelden m\u00f6chtest.<\/p>\n\n\n\n<p>In diesen Workshops besch\u00e4ftigen wir uns im ersten Teil mit den Grundlagen des a-cappella-Gesangs. Mit dem erworbenen Wissen geht es dann an aktuelle St\u00fccke aus der deutschen und englischen a-cappella-Literatur. Von Wise Guys \u00fcber Pentatonix. Am a-cappella-Wochenende stellen wir uns am Sonntagabend mit dem erarbeiteten Ergebnis an die Hafenspitze und geben ein spontanes Konzert.<\/p>\n\n\n\n<h2 class=\"wp-block-heading\">Informationen:<\/h2>\n\n\n\n<ul class=\"wp-block-list\">\n<li>Ort:&nbsp;<strong>Frau-Clara-Str. 6,&nbsp;<\/strong>24340 Eckernf\u00f6rde<\/li>\n\n\n\n<li><strong>H\u00f6chstens 16 Teilnehmer<\/strong><\/li>\n\n\n\n<li>Termine und Preise: <\/li>\n\n\n\n<li><strong>Samstag, 25. April 10 bis 18 Uhr. Kosten 135 Euro<\/strong><\/li>\n\n\n\n<li><strong>Samstag 29. und Sonntag 30. August mit Abschlusssingen. Samstag 10 bis 18 Uhr, Sonntag 10 bis 17 Uhr. Kosten 270 Euro<\/strong><\/li>\n\n\n\n<li><strong>Sonntag, 25. Oktober 10 bis 18 Uhr. Kosten 135 Euro<\/strong><\/li>\n\n\n\n<li>Wer sich f\u00fcr alle drei anmeldet bekommt einen Nachlass und <strong>zahlt 499,- Euro statt 540 \ud83d\ude09<\/strong><\/li>\n<\/ul>\n\n\n\n<p><\/p>\n\n\n\n<div class=\"wp-block-buttons is-layout-flex wp-block-buttons-is-layout-flex\">\n<div class=\"wp-block-button\"><a class=\"wp-block-button__link wp-element-button\" href=\"https:\/\/app.cituro.com\/booking\/diestimmschule#step=1\" target=\"_blank\" rel=\"noreferrer noopener\">Buche hier deinen a-cappella-Workshop<\/a><\/div>\n<\/div>\n\n\n\n<p><\/p>\n\n\n\n<p><a href=\"https:\/\/diestimmschule.de\/index.php\/a-cappella-2026-songs\/\" data-type=\"page\" data-id=\"2446\" target=\"_blank\" rel=\"noreferrer noopener\"><strong><em>Hier findest du die Noten und Aufnahmen der A cappella Workshop Reihe 2026<\/em><\/strong><\/a><\/p>\n","protected":false},"excerpt":{"rendered":"<p>Hier findest du die Noten und Aufnahmen der A-cappella Workshop Reihe 2026 Die a-cappella-Workshop-Reihe ist aus dem ersten a-cappella-Workshop im August 2025 entstanden. Alle Teilnehmerinnen und Teilnehmer wollten nach diesem Workshop mehr. Mehr singen, mehr St\u00fccke, mehr lernen. Da ich selber ein gro\u00dfer a-cappella-Fan bin, habe ich also f\u00fcr das Jahr 2026 eine Reihe a-cappella-Workshops &hellip; <\/p>\n","protected":false},"author":1,"featured_media":0,"parent":0,"menu_order":0,"comment_status":"closed","ping_status":"closed","template":"","meta":{"footnotes":""},"class_list":["post-757","page","type-page","status-publish","hentry","latest_post"],"_links":{"self":[{"href":"https:\/\/diestimmschule.de\/index.php\/wp-json\/wp\/v2\/pages\/757","targetHints":{"allow":["GET"]}}],"collection":[{"href":"https:\/\/diestimmschule.de\/index.php\/wp-json\/wp\/v2\/pages"}],"about":[{"href":"https:\/\/diestimmschule.de\/index.php\/wp-json\/wp\/v2\/types\/page"}],"author":[{"embeddable":true,"href":"https:\/\/diestimmschule.de\/index.php\/wp-json\/wp\/v2\/users\/1"}],"replies":[{"embeddable":true,"href":"https:\/\/diestimmschule.de\/index.php\/wp-json\/wp\/v2\/comments?post=757"}],"version-history":[{"count":20,"href":"https:\/\/diestimmschule.de\/index.php\/wp-json\/wp\/v2\/pages\/757\/revisions"}],"predecessor-version":[{"id":2466,"href":"https:\/\/diestimmschule.de\/index.php\/wp-json\/wp\/v2\/pages\/757\/revisions\/2466"}],"wp:attachment":[{"href":"https:\/\/diestimmschule.de\/index.php\/wp-json\/wp\/v2\/media?parent=757"}],"curies":[{"name":"wp","href":"https:\/\/api.w.org\/{rel}","templated":true}]}}