{"id":736,"date":"2025-01-02T18:23:22","date_gmt":"2025-01-02T17:23:22","guid":{"rendered":"https:\/\/diestimmschule.de\/?page_id=736"},"modified":"2026-02-16T18:59:38","modified_gmt":"2026-02-16T17:59:38","slug":"workshop-liedinterpretation-sologesang","status":"publish","type":"page","link":"https:\/\/diestimmschule.de\/index.php\/workshop-liedinterpretation-sologesang\/","title":{"rendered":"Workshop Liedinterpretation\/Sologesang"},"content":{"rendered":"\n<p><\/p>\n\n\n\n<p>Es ist nicht leicht, vor anderen zu singen. Aber in den meisten von uns schlummert der Wunsch nach Selbstausdruck und Sichtbarkeit. Deshalb dreht sich in diesem Workshop alles darum, dass du vor anderen singst. Am Anfang machen wir ein kurzes Warm-up und lernen ein paar wichtige Dinge kennen, die dabei helfen, alleine zu singen. Dann geht es los und jeder pr\u00e4sentiert ein kleines Lied vor den anderen Teilnehmern. Wer schon immer mal in entspannter und gesch\u00fctzter Atmosph\u00e4re ausprobieren wollte, wie es ist, ein Solo zu singen, der ist hier richtig. Zwischen den einzelnen Pr\u00e4sentationen singen wir gemeinsam einfache Lieder und improvisieren beim Circle Singing. Auch hierbei wird das selbstbewusste Singen gef\u00f6rdert und einzelne Sequenzen werden solistisch vorgetragen. Auf diese Art und Weise wird es f\u00fcr dich immer selbstverst\u00e4ndlicher, vor anderen zu singen.<\/p>\n\n\n\n<p>Dabei kommt es auf keinen Fall auf die Perfektion an, sondern einfach nur darauf, dem eigenen Klang einen Raum zu geben.<\/p>\n\n\n\n<p><\/p>\n\n\n\n<h2 class=\"wp-block-heading\">Informationen:<\/h2>\n\n\n\n<ul class=\"wp-block-list\">\n<li>Ort:&nbsp;<strong>Frau-Clara-Str. 6<em>,<\/em>&nbsp;<\/strong>24340 Eckernf\u00f6rde<\/li>\n\n\n\n<li><strong>H\u00f6chstens 10 Teilnehmer<\/strong><\/li>\n\n\n\n<li>Preis:&nbsp;<strong>89,- \u20ac pro Person<\/strong><\/li>\n<\/ul>\n\n\n\n<h2 class=\"wp-block-heading\">Termine:<\/h2>\n\n\n\n<ul class=\"wp-block-list\">\n<li><strong>Samstag, 21. M\u00e4rz 2026<\/strong>. 14 bis 18 Uhr<\/li>\n<\/ul>\n\n\n\n<div class=\"wp-block-buttons is-layout-flex wp-block-buttons-is-layout-flex\">\n<div class=\"wp-block-button\"><a class=\"wp-block-button__link wp-element-button\" href=\"https:\/\/app.cituro.com\/booking\/diestimmschule#step=1\" target=\"_blank\" rel=\"noreferrer noopener\">Anmeldung hier im Buchungssystem<\/a><\/div>\n<\/div>\n","protected":false},"excerpt":{"rendered":"<p>Es ist nicht leicht, vor anderen zu singen. Aber in den meisten von uns schlummert der Wunsch nach Selbstausdruck und Sichtbarkeit. Deshalb dreht sich in diesem Workshop alles darum, dass du vor anderen singst. Am Anfang machen wir ein kurzes Warm-up und lernen ein paar wichtige Dinge kennen, die dabei helfen, alleine zu singen. Dann &hellip; <\/p>\n","protected":false},"author":1,"featured_media":0,"parent":0,"menu_order":0,"comment_status":"closed","ping_status":"closed","template":"","meta":{"footnotes":""},"class_list":["post-736","page","type-page","status-publish","hentry","latest_post"],"_links":{"self":[{"href":"https:\/\/diestimmschule.de\/index.php\/wp-json\/wp\/v2\/pages\/736","targetHints":{"allow":["GET"]}}],"collection":[{"href":"https:\/\/diestimmschule.de\/index.php\/wp-json\/wp\/v2\/pages"}],"about":[{"href":"https:\/\/diestimmschule.de\/index.php\/wp-json\/wp\/v2\/types\/page"}],"author":[{"embeddable":true,"href":"https:\/\/diestimmschule.de\/index.php\/wp-json\/wp\/v2\/users\/1"}],"replies":[{"embeddable":true,"href":"https:\/\/diestimmschule.de\/index.php\/wp-json\/wp\/v2\/comments?post=736"}],"version-history":[{"count":17,"href":"https:\/\/diestimmschule.de\/index.php\/wp-json\/wp\/v2\/pages\/736\/revisions"}],"predecessor-version":[{"id":2436,"href":"https:\/\/diestimmschule.de\/index.php\/wp-json\/wp\/v2\/pages\/736\/revisions\/2436"}],"wp:attachment":[{"href":"https:\/\/diestimmschule.de\/index.php\/wp-json\/wp\/v2\/media?parent=736"}],"curies":[{"name":"wp","href":"https:\/\/api.w.org\/{rel}","templated":true}]}}