{"id":714,"date":"2025-01-02T17:50:39","date_gmt":"2025-01-02T16:50:39","guid":{"rendered":"https:\/\/diestimmschule.de\/?page_id=714"},"modified":"2026-02-16T17:40:20","modified_gmt":"2026-02-16T16:40:20","slug":"workshop-kati-basis-singen","status":"publish","type":"page","link":"https:\/\/diestimmschule.de\/index.php\/workshop-kati-basis-singen\/","title":{"rendered":"Basisworkshop Singen"},"content":{"rendered":"\n<p><\/p>\n\n\n\n<p>Im&nbsp;<strong>Basisworkshop Singen<\/strong>&nbsp;lernst du deine Stimme kennen. Dabei ist es gar nicht so entscheidend, ob du Singerfahrung hast oder nicht. Es geht darum, sich mit den Grundelementen deiner Stimme auseinanderzusetzen und diese tiefer kennenzulernen. Mithilfe der vier Basiselemente <strong>K\u00f6rper, Atmung, ton- und klanggebende Muskulatur<\/strong> und <strong>Intuition<\/strong> <em>(<strong><a href=\"https:\/\/diestimmschule.de\/index.php\/kati-system\/\" data-type=\"page\" data-id=\"241\" target=\"_blank\" rel=\"noreferrer noopener\">siehe KATI-System<\/a>)<\/strong><\/em> lernst du, wie deine Singstimme grunds\u00e4tzlich funktioniert. Du vertiefst dein Verst\u00e4ndnis f\u00fcr deine Stimme und deine Verbundenheit zu ihr.<\/p>\n\n\n\n<p>Der&nbsp;<strong>Basisworkshop Singen<\/strong>&nbsp;ist ein Intensivworkshop von vier Stunden mit h\u00f6chstens 12 Teilnehmern. Wir nehmen uns die Elemente des KATI-Systems vor und lernen durch \u00dcben und Beobachten unsere Stimme kennen.<\/p>\n\n\n\n<p>Der&nbsp;<strong>Basisworkshop Singen<\/strong>&nbsp;ist f\u00fcr dich, wenn:<\/p>\n\n\n\n<ul class=\"wp-block-list\">\n<li>Du gerne singen m\u00f6chtest, aber dich bisher nie getraut hast<\/li>\n\n\n\n<li>Du schon gesungen hast, es dir aber schwerf\u00e4llt<\/li>\n\n\n\n<li>Du schon lange singst, aber Schwierigkeiten mit Kraft, Atmung oder \u00c4hnlichem hast<\/li>\n\n\n\n<li>Du deine Stimme entdecken m\u00f6chtest<\/li>\n<\/ul>\n\n\n\n<p>Der&nbsp;<strong>Basisworkshop Singen<\/strong>&nbsp;hilft dir vor allem wenn:<\/p>\n\n\n\n<ul class=\"wp-block-list\">\n<li>Du mehr Vertrauen in deine Singstimme finden m\u00f6chtest<\/li>\n\n\n\n<li>Du gerne singst, aber dich nicht so richtig traust<\/li>\n\n\n\n<li>Du nicht mehr angestrengt und eng klingen m\u00f6chtest<\/li>\n\n\n\n<li>Du mit Deiner Atemluft im Gesang auskommen m\u00f6chtest<\/li>\n<\/ul>\n\n\n\n<h2 class=\"wp-block-heading\">Informationen<\/h2>\n\n\n\n<ul class=\"wp-block-list\">\n<li>Ort:&nbsp;<strong>Frau-Clara-Str. 6,&nbsp;<\/strong>24340 Eckernf\u00f6rde<\/li>\n\n\n\n<li><strong>H\u00f6chstens 12 Teilnehmer<\/strong><\/li>\n\n\n\n<li>Preis:&nbsp;<strong>89,- \u20ac pro Person<\/strong><\/li>\n<\/ul>\n\n\n\n<h2 class=\"wp-block-heading\">Termine:<\/h2>\n\n\n\n<ul class=\"wp-block-list\">\n<li><strong>20. Juni 2026<\/strong>. 14 bis 18 Uhr<\/li>\n<\/ul>\n\n\n\n<div class=\"wp-block-buttons is-layout-flex wp-block-buttons-is-layout-flex\">\n<div class=\"wp-block-button\"><a class=\"wp-block-button__link wp-element-button\" href=\"https:\/\/app.cituro.com\/booking\/diestimmschule#step=1\" target=\"_blank\" rel=\"noreferrer noopener\">Buche deinen Kurs hier \u00fcber das Buchungssystem!<\/a><\/div>\n<\/div>\n\n\n\n<p><\/p>\n","protected":false},"excerpt":{"rendered":"<p>Im&nbsp;Basisworkshop Singen&nbsp;lernst du deine Stimme kennen. Dabei ist es gar nicht so entscheidend, ob du Singerfahrung hast oder nicht. Es geht darum, sich mit den Grundelementen deiner Stimme auseinanderzusetzen und diese tiefer kennenzulernen. Mithilfe der vier Basiselemente K\u00f6rper, Atmung, ton- und klanggebende Muskulatur und Intuition (siehe KATI-System) lernst du, wie deine Singstimme grunds\u00e4tzlich funktioniert. Du &hellip; <\/p>\n","protected":false},"author":1,"featured_media":0,"parent":0,"menu_order":0,"comment_status":"closed","ping_status":"closed","template":"","meta":{"footnotes":""},"class_list":["post-714","page","type-page","status-publish","hentry","latest_post"],"_links":{"self":[{"href":"https:\/\/diestimmschule.de\/index.php\/wp-json\/wp\/v2\/pages\/714","targetHints":{"allow":["GET"]}}],"collection":[{"href":"https:\/\/diestimmschule.de\/index.php\/wp-json\/wp\/v2\/pages"}],"about":[{"href":"https:\/\/diestimmschule.de\/index.php\/wp-json\/wp\/v2\/types\/page"}],"author":[{"embeddable":true,"href":"https:\/\/diestimmschule.de\/index.php\/wp-json\/wp\/v2\/users\/1"}],"replies":[{"embeddable":true,"href":"https:\/\/diestimmschule.de\/index.php\/wp-json\/wp\/v2\/comments?post=714"}],"version-history":[{"count":25,"href":"https:\/\/diestimmschule.de\/index.php\/wp-json\/wp\/v2\/pages\/714\/revisions"}],"predecessor-version":[{"id":2417,"href":"https:\/\/diestimmschule.de\/index.php\/wp-json\/wp\/v2\/pages\/714\/revisions\/2417"}],"wp:attachment":[{"href":"https:\/\/diestimmschule.de\/index.php\/wp-json\/wp\/v2\/media?parent=714"}],"curies":[{"name":"wp","href":"https:\/\/api.w.org\/{rel}","templated":true}]}}