{"id":569,"date":"2024-12-01T13:28:32","date_gmt":"2024-12-01T12:28:32","guid":{"rendered":"https:\/\/diestimmschule.de\/?page_id=569"},"modified":"2026-02-16T17:35:19","modified_gmt":"2026-02-16T16:35:19","slug":"abendsingen","status":"publish","type":"page","link":"https:\/\/diestimmschule.de\/index.php\/abendsingen\/","title":{"rendered":"Abendsingen"},"content":{"rendered":"\n<div class=\"wp-block-media-text is-stacked-on-mobile\"><figure class=\"wp-block-media-text__media\"><img loading=\"lazy\" decoding=\"async\" width=\"1024\" height=\"576\" src=\"https:\/\/diestimmschule.de\/wp-content\/uploads\/2024\/12\/miguel-bautista-VPdLUePGE1k-unsplash-1024x576.jpg\" alt=\"\" class=\"wp-image-570 size-full\" srcset=\"https:\/\/diestimmschule.de\/wp-content\/uploads\/2024\/12\/miguel-bautista-VPdLUePGE1k-unsplash-1024x576.jpg 1024w, https:\/\/diestimmschule.de\/wp-content\/uploads\/2024\/12\/miguel-bautista-VPdLUePGE1k-unsplash-300x169.jpg 300w, https:\/\/diestimmschule.de\/wp-content\/uploads\/2024\/12\/miguel-bautista-VPdLUePGE1k-unsplash-768x432.jpg 768w, https:\/\/diestimmschule.de\/wp-content\/uploads\/2024\/12\/miguel-bautista-VPdLUePGE1k-unsplash-1536x864.jpg 1536w, https:\/\/diestimmschule.de\/wp-content\/uploads\/2024\/12\/miguel-bautista-VPdLUePGE1k-unsplash-2048x1152.jpg 2048w\" sizes=\"auto, (max-width: 1024px) 100vw, 1024px\" \/><\/figure><div class=\"wp-block-media-text__content\">\n<p>Das Abendsingen hie\u00df fr\u00fcher After Work Singing. Singen entspannt und bringt einen auf andere Gedanken. Deshalb ist dieses Format f\u00fcr jeden, der den Alltag abstreifen m\u00f6chte und danach den Abend genie\u00dfen will.<\/p>\n<\/div><\/div>\n\n\n\n<p><\/p>\n\n\n\n<p>Jeden <em><strong>Dienstag um 18 Uhr<\/strong><\/em> treffen wir uns in der <em><strong>Frau-Clara-Str. 6 <\/strong><\/em>f\u00fcr eine Stunde, singen Lieder aus aller Welt und allen Genres und lassen den Stress des Tages dabei hinter uns. Hierbei geht es nicht darum etwas zu erarbeiten, sondern einfach um das Singen an sich. <strong><em>Es sind keine Vorkenntnisse n\u00f6tig. Kosten: 5,- \u20ac pro Person und Abend.<\/em><\/strong><\/p>\n\n\n\n<p><\/p>\n","protected":false},"excerpt":{"rendered":"<p>Das Abendsingen hie\u00df fr\u00fcher After Work Singing. Singen entspannt und bringt einen auf andere Gedanken. Deshalb ist dieses Format f\u00fcr jeden, der den Alltag abstreifen m\u00f6chte und danach den Abend genie\u00dfen will. Jeden Dienstag um 18 Uhr treffen wir uns in der Frau-Clara-Str. 6 f\u00fcr eine Stunde, singen Lieder aus aller Welt und allen Genres &hellip; <\/p>\n","protected":false},"author":1,"featured_media":0,"parent":0,"menu_order":0,"comment_status":"closed","ping_status":"closed","template":"","meta":{"footnotes":""},"class_list":["post-569","page","type-page","status-publish","hentry","latest_post"],"_links":{"self":[{"href":"https:\/\/diestimmschule.de\/index.php\/wp-json\/wp\/v2\/pages\/569","targetHints":{"allow":["GET"]}}],"collection":[{"href":"https:\/\/diestimmschule.de\/index.php\/wp-json\/wp\/v2\/pages"}],"about":[{"href":"https:\/\/diestimmschule.de\/index.php\/wp-json\/wp\/v2\/types\/page"}],"author":[{"embeddable":true,"href":"https:\/\/diestimmschule.de\/index.php\/wp-json\/wp\/v2\/users\/1"}],"replies":[{"embeddable":true,"href":"https:\/\/diestimmschule.de\/index.php\/wp-json\/wp\/v2\/comments?post=569"}],"version-history":[{"count":7,"href":"https:\/\/diestimmschule.de\/index.php\/wp-json\/wp\/v2\/pages\/569\/revisions"}],"predecessor-version":[{"id":2413,"href":"https:\/\/diestimmschule.de\/index.php\/wp-json\/wp\/v2\/pages\/569\/revisions\/2413"}],"wp:attachment":[{"href":"https:\/\/diestimmschule.de\/index.php\/wp-json\/wp\/v2\/media?parent=569"}],"curies":[{"name":"wp","href":"https:\/\/api.w.org\/{rel}","templated":true}]}}