{"id":505,"date":"2024-11-30T20:33:11","date_gmt":"2024-11-30T19:33:11","guid":{"rendered":"https:\/\/diestimmschule.de\/index.php\/about\/"},"modified":"2026-02-16T18:56:10","modified_gmt":"2026-02-16T17:56:10","slug":"about","status":"publish","type":"page","link":"https:\/\/diestimmschule.de\/index.php\/about\/","title":{"rendered":"\u00dcber mich"},"content":{"rendered":"\n<div class=\"wp-block-media-text is-stacked-on-mobile\" style=\"grid-template-columns:25% auto\"><figure class=\"wp-block-media-text__media\"><img loading=\"lazy\" decoding=\"async\" width=\"682\" height=\"1024\" src=\"https:\/\/diestimmschule.de\/wp-content\/uploads\/2024\/11\/PortraitweisseBluse.jpeg\" alt=\"\" class=\"wp-image-154 size-full\" srcset=\"https:\/\/diestimmschule.de\/wp-content\/uploads\/2024\/11\/PortraitweisseBluse.jpeg 682w, https:\/\/diestimmschule.de\/wp-content\/uploads\/2024\/11\/PortraitweisseBluse-600x901.jpeg 600w, https:\/\/diestimmschule.de\/wp-content\/uploads\/2024\/11\/PortraitweisseBluse-200x300.jpeg 200w\" sizes=\"auto, (max-width: 682px) 100vw, 682px\" \/><\/figure><div class=\"wp-block-media-text__content\">\n<p>Ich bin Sonja Wilts und ich arbeite seit \u00fcber 30 Jahren als Stimmtrainerin und S\u00e4ngerin. Angefangen habe ich als Assistentin einer Chorleitung, w\u00e4hrend ich gleichzeitig eine Musical-Ausbildung absolvierte. Sp\u00e4ter kam noch eine Pop-Gesangsausbildung dazu, w\u00e4hrend ich inzwischen einen eigenen Chor leitete und Einzelunterricht gab.<\/p>\n\n\n\n<p><\/p>\n<\/div><\/div>\n\n\n\n<p><\/p>\n\n\n\n<p>2002 wurde ich Fronts\u00e4ngerin der A-cappella-Formation LaLeLu und war sechseinhalb Jahr auf Deutschlands Kleinkunstb\u00fchnen unterwegs. Trotzdem arbeitete ich auch weiter als Lehrerin an einem Musical Projekt f\u00fcr Jugendliche in Hamburg. Nachdem die B\u00fchnenzeit aufgrund der Familie f\u00fcr mich zu Ende ging, absolvierte ich eine Ausbildung zur ganzheitlichen Stimmtrainerin. In dieser Zeit schrieb ich auch eine Diplomarbeit \u00fcber a-cappella Gesang.<\/p>\n\n\n\n<p>Die menschliche Stimme faszinierte mich weiterhin und ich machte noch ein paar Fortbildungen in Atemtechnik, Chorleitung etc. Gleichzeitig komponierte ich und sang meine eigenen Lieder. <\/p>\n\n\n\n<p>In meiner Arbeit als Stimmtrainerin begegnet mir vor allem ein Thema: Der Wunsch meiner Klienten frei und offen singen zu k\u00f6nnen. Um einen Weg dahin f\u00fcr alle meine Klienten zu finden, den meine Klienten auch verstehen, habe ich das <a href=\"https:\/\/diestimmschule.de\/index.php\/kati-system\/\" data-type=\"page\" data-id=\"241\" target=\"_blank\" rel=\"noreferrer noopener\">KATI-System<\/a> entwickelt und deshalb die Stimmschule er\u00f6ffnet.<\/p>\n\n\n\n<p>Ich freue mich von Herzen, wenn jemand sich nach einem Kurs oder einer Stunde freier mit seiner Stimme f\u00fchlt. <\/p>\n\n\n\n<p>Mir ist es auch ein Anliegen, dass viel gesungen wird, denn das kommt hierzulande definitiv zu kurz. Deshalb biete ich auch offene Singevents an. <\/p>\n\n\n\n<p>Ich bin inzwischen 51 Jahre alt und meine Arbeit macht mir jeden Tag mehr Spa\u00df. Ich freue mich, dich und deine Stimme kennenzulernen.<\/p>\n\n\n\n<p>Sonja<\/p>\n","protected":false},"excerpt":{"rendered":"<p>Ich bin Sonja Wilts und ich arbeite seit \u00fcber 30 Jahren als Stimmtrainerin und S\u00e4ngerin. Angefangen habe ich als Assistentin einer Chorleitung, w\u00e4hrend ich gleichzeitig eine Musical-Ausbildung absolvierte. Sp\u00e4ter kam noch eine Pop-Gesangsausbildung dazu, w\u00e4hrend ich inzwischen einen eigenen Chor leitete und Einzelunterricht gab. 2002 wurde ich Fronts\u00e4ngerin der A-cappella-Formation LaLeLu und war sechseinhalb Jahr &hellip; <\/p>\n","protected":false},"author":1,"featured_media":154,"parent":0,"menu_order":0,"comment_status":"closed","ping_status":"closed","template":"templates\/about.php","meta":{"footnotes":""},"class_list":["post-505","page","type-page","status-publish","has-post-thumbnail","hentry","latest_post"],"_links":{"self":[{"href":"https:\/\/diestimmschule.de\/index.php\/wp-json\/wp\/v2\/pages\/505","targetHints":{"allow":["GET"]}}],"collection":[{"href":"https:\/\/diestimmschule.de\/index.php\/wp-json\/wp\/v2\/pages"}],"about":[{"href":"https:\/\/diestimmschule.de\/index.php\/wp-json\/wp\/v2\/types\/page"}],"author":[{"embeddable":true,"href":"https:\/\/diestimmschule.de\/index.php\/wp-json\/wp\/v2\/users\/1"}],"replies":[{"embeddable":true,"href":"https:\/\/diestimmschule.de\/index.php\/wp-json\/wp\/v2\/comments?post=505"}],"version-history":[{"count":7,"href":"https:\/\/diestimmschule.de\/index.php\/wp-json\/wp\/v2\/pages\/505\/revisions"}],"predecessor-version":[{"id":2432,"href":"https:\/\/diestimmschule.de\/index.php\/wp-json\/wp\/v2\/pages\/505\/revisions\/2432"}],"wp:featuredmedia":[{"embeddable":true,"href":"https:\/\/diestimmschule.de\/index.php\/wp-json\/wp\/v2\/media\/154"}],"wp:attachment":[{"href":"https:\/\/diestimmschule.de\/index.php\/wp-json\/wp\/v2\/media?parent=505"}],"curies":[{"name":"wp","href":"https:\/\/api.w.org\/{rel}","templated":true}]}}