{"id":39,"date":"2024-10-29T18:33:29","date_gmt":"2024-10-29T17:33:29","guid":{"rendered":"https:\/\/diestimmschule.de\/?page_id=39"},"modified":"2025-01-02T18:09:54","modified_gmt":"2025-01-02T17:09:54","slug":"willkommen-bei-der-stimmschule","status":"publish","type":"page","link":"https:\/\/diestimmschule.de\/index.php\/willkommen-bei-der-stimmschule\/","title":{"rendered":"Willkommen in der Stimmschule Eckernf\u00f6rde"},"content":{"rendered":"\n<p class=\"has-text-align-left\"><strong>Diese Seite ist zur Zeit in Arbeit. Es ist also noch nicht alles ausgef\u00fcllt. Hab noch etwas Geduld.<\/strong><\/p>\n\n\n<div class=\"wp-block-image is-style-rounded\">\n<figure class=\"alignleft size-large is-resized\"><img loading=\"lazy\" decoding=\"async\" width=\"1024\" height=\"959\" src=\"https:\/\/diestimmschule.de\/wp-content\/uploads\/2024\/11\/AngelaSonjaStrandLeuchtturmeins-1-1024x959.jpeg\" alt=\"\" class=\"wp-image-146\" style=\"width:337px;height:auto\" srcset=\"https:\/\/diestimmschule.de\/wp-content\/uploads\/2024\/11\/AngelaSonjaStrandLeuchtturmeins-1-1024x959.jpeg 1024w, https:\/\/diestimmschule.de\/wp-content\/uploads\/2024\/11\/AngelaSonjaStrandLeuchtturmeins-1-600x562.jpeg 600w, https:\/\/diestimmschule.de\/wp-content\/uploads\/2024\/11\/AngelaSonjaStrandLeuchtturmeins-1-300x281.jpeg 300w, https:\/\/diestimmschule.de\/wp-content\/uploads\/2024\/11\/AngelaSonjaStrandLeuchtturmeins-1-768x720.jpeg 768w, https:\/\/diestimmschule.de\/wp-content\/uploads\/2024\/11\/AngelaSonjaStrandLeuchtturmeins-1-320x300.jpeg 320w, https:\/\/diestimmschule.de\/wp-content\/uploads\/2024\/11\/AngelaSonjaStrandLeuchtturmeins-1.jpeg 1093w\" sizes=\"auto, (max-width: 1024px) 100vw, 1024px\" \/><\/figure>\n<\/div>\n\n\n<p>Sch\u00f6n, dass Du Dich f\u00fcr Deine Stimme interessierst. Deine Stimme ist Dein pers\u00f6nlichstes Ausdrucksinstrument. Wenn Du Interesse daran hast, dieses Instrument kennenzulernen, bist Du hier genau richtig.<\/p>\n\n\n\n<p class=\"has-text-align-center\">M\u00f6chtest Du endlich frei singen lernen?<\/p>\n\n\n\n<p class=\"has-text-align-center\">M\u00f6chtest Du entspannter und lockerer sprechen und Dich geh\u00f6rt f\u00fchlen?<\/p>\n\n\n\n<p class=\"has-text-align-center\">M\u00f6chtest Du Deine authentische Stimme finden? <\/p>\n\n\n\n<p class=\"has-text-align-center\">In der Stimmschule gibt es Kurse und Workshops, Singevents, Chorprojekte und viele weitere Angebote rund um Deine Stimme. Lerne das KATI-System kennen, dass Dir dabei hilft, Deine Stimme zu entwickeln und zu entfalten. Wenn Du nicht wei\u00dft, was f\u00fcr Dich zutrifft, dann lass Dich beraten unter 04351\/7530992. B\u00fcrozeiten sind montags und mittwochs von 11 bis 13 Uhr.<\/p>\n\n\n\n<p>Und jetzt entdecke Deine Stimme.<\/p>\n\n\n\n<p><\/p>\n","protected":false},"excerpt":{"rendered":"<p>Diese Seite ist zur Zeit in Arbeit. Es ist also noch nicht alles ausgef\u00fcllt. Hab noch etwas Geduld. Sch\u00f6n, dass Du Dich f\u00fcr Deine Stimme interessierst. Deine Stimme ist Dein pers\u00f6nlichstes Ausdrucksinstrument. Wenn Du Interesse daran hast, dieses Instrument kennenzulernen, bist Du hier genau richtig. M\u00f6chtest Du endlich frei singen lernen? M\u00f6chtest Du entspannter und &hellip; <\/p>\n","protected":false},"author":1,"featured_media":0,"parent":0,"menu_order":0,"comment_status":"closed","ping_status":"closed","template":"","meta":{"footnotes":""},"class_list":["post-39","page","type-page","status-publish","hentry","latest_post"],"_links":{"self":[{"href":"https:\/\/diestimmschule.de\/index.php\/wp-json\/wp\/v2\/pages\/39","targetHints":{"allow":["GET"]}}],"collection":[{"href":"https:\/\/diestimmschule.de\/index.php\/wp-json\/wp\/v2\/pages"}],"about":[{"href":"https:\/\/diestimmschule.de\/index.php\/wp-json\/wp\/v2\/types\/page"}],"author":[{"embeddable":true,"href":"https:\/\/diestimmschule.de\/index.php\/wp-json\/wp\/v2\/users\/1"}],"replies":[{"embeddable":true,"href":"https:\/\/diestimmschule.de\/index.php\/wp-json\/wp\/v2\/comments?post=39"}],"version-history":[{"count":10,"href":"https:\/\/diestimmschule.de\/index.php\/wp-json\/wp\/v2\/pages\/39\/revisions"}],"predecessor-version":[{"id":200,"href":"https:\/\/diestimmschule.de\/index.php\/wp-json\/wp\/v2\/pages\/39\/revisions\/200"}],"wp:attachment":[{"href":"https:\/\/diestimmschule.de\/index.php\/wp-json\/wp\/v2\/media?parent=39"}],"curies":[{"name":"wp","href":"https:\/\/api.w.org\/{rel}","templated":true}]}}