{"id":2,"date":"2024-10-29T16:04:55","date_gmt":"2024-10-29T15:04:55","guid":{"rendered":"https:\/\/diestimmschule.de\/?page_id=2"},"modified":"2026-02-16T18:53:15","modified_gmt":"2026-02-16T17:53:15","slug":"beispiel-seite","status":"publish","type":"page","link":"https:\/\/diestimmschule.de\/index.php\/beispiel-seite\/","title":{"rendered":"Kurse-Workshops-Einzeltraining"},"content":{"rendered":"\n<h2 class=\"wp-block-heading\">Das Kurssystem<\/h2>\n\n\n\n<p>Es gibt einen <strong>Basiskurs<\/strong>, in dem du die Elemente der Stimme kennenlernst. F\u00fcr alle, die diesen Basiskurs absolviert haben, gibt es den <strong>\u00dcbungskurs<\/strong>. Hier trainieren wir gezielt die vier Elemente des KATI-Systems, aus denen sich deine Stimme zusammensetzt. Mit gleichen Inhalten gibt es den <strong>Basisworkshop<\/strong> und den <strong>\u00dcbungsworkshop<\/strong>. Zus\u00e4tzlich bietet die Stimmschule <strong>Workshops und Miniworkshops mit anderen Themen<\/strong> rund ums Singen an.<\/p>\n\n\n\n<ul class=\"wp-block-list\">\n<li><strong>Basiskurs Singen<\/strong> &#8211; h\u00f6chstens 8 Teilnehmer, 8 Termine, 179,- Euro pro Person<\/li>\n\n\n\n<li>Jeweils 60 min. Termine w\u00f6chentlich<\/li>\n\n\n\n<li><strong>\u00dcbungskurs Singen<\/strong> &#8211; h\u00f6chstens 12 Teilnehmer, 12 Termine, 259,- Euro pro Person<\/li>\n\n\n\n<li>Jeweils 60 min. Termine w\u00f6chentlich<\/li>\n<\/ul>\n\n\n\n<div class=\"wp-block-buttons is-layout-flex wp-block-buttons-is-layout-flex\">\n<div class=\"wp-block-button\"><a class=\"wp-block-button__link wp-element-button\" href=\"https:\/\/app.cituro.com\/booking\/diestimmschule#step=1\" target=\"_blank\" rel=\"noreferrer noopener\">Anmeldung f\u00fcr alle Kurse hier!<\/a><\/div>\n<\/div>\n\n\n\n<h2 class=\"wp-block-heading\">Workshops:<\/h2>\n\n\n\n<p>Die Workshops und Miniworkshops unterscheiden sich jeweils in Thema,Teilnehmerzahl und Preis. Der Unterschied zu den Kursen ist, dass man an einem Tag oder Nachmittag intensiv lernt.<\/p>\n\n\n\n<ul class=\"wp-block-list\">\n<li><strong>Basis Workshop Singen<\/strong> &#8211; 12 Teilnehmer, 4 Stunden, 89,- Euro pro Person.<\/li>\n\n\n\n<li><strong>\u00dcbungsworkshop Singen<\/strong> &#8211; 12 Teilnehmer, 4 Stunden, 89,- Euro pro Person<\/li>\n\n\n\n<li><strong>Workshop Liedinterpretation\/Sologesang<\/strong> &#8211; 10 Teilnehmer, 4 Stunden, 89,- Euro pro Person<\/li>\n\n\n\n<li><strong>Workshop A cappella singen<\/strong>&#8211; 16 Teilnehmer, 8 Stunden, 135,- Euro pro Person<\/li>\n\n\n\n<li><strong>Miniworkshop Weihnachtslieder singen pur<\/strong> &#8211; 20 Teilnehmer, 2 Stunden, 19,- Euro pro Person<\/li>\n\n\n\n<li><strong>Miniworkshop Sommerliederspa\u00df<\/strong> &#8211; 20 Teilnehmer, 2 Stunden, 19,- Euro pro Person<\/li>\n<\/ul>\n\n\n\n<div class=\"wp-block-buttons is-layout-flex wp-block-buttons-is-layout-flex\">\n<div class=\"wp-block-button\"><a class=\"wp-block-button__link wp-element-button\" href=\"https:\/\/app.cituro.com\/booking\/diestimmschule#step=1\" target=\"_blank\" rel=\"noreferrer noopener\">Anmeldung f\u00fcr alle Workshops hier!<\/a><\/div>\n<\/div>\n\n\n\n<h2 class=\"wp-block-heading\">Einzeltraining: <\/h2>\n\n\n\n<p>Im Einzeltraining arbeiten wir ganz gezielt an deiner individuellen Stimme und daran, was sie braucht. Dabei nutzen wir das KATI-System und passen die \u00dcbungen und M\u00f6glichkeiten deiner Stimme an. Du kannst das Einzeltraining auch daf\u00fcr nutzen, um dich auf Auftritte (sowohl privat als auch beruflich) und Gesangspr\u00fcfungen (z. B. Aufnahmepr\u00fcfungen) vorzubereiten.<\/p>\n\n\n\n<p>Auch gibt es die M\u00f6glichkeit eine Stunde zu zweit, oder zu dritt zu buchen<\/p>\n\n\n\n<ul class=\"wp-block-list\">\n<li>Einzeltraining 45 min, 65,- \u20ac <\/li>\n\n\n\n<li>Zweier -oder Dreierstunden 70 min. 90,- \u20ac <\/li>\n<\/ul>\n\n\n\n<div class=\"wp-block-buttons is-layout-flex wp-block-buttons-is-layout-flex\">\n<div class=\"wp-block-button\"><a class=\"wp-block-button__link wp-element-button\" href=\"https:\/\/app.cituro.com\/booking\/diestimmschule#step=1\" target=\"_blank\" rel=\"noreferrer noopener\">Anmeldung f\u00fcr den Einzelunterricht hier!<\/a><\/div>\n<\/div>\n","protected":false},"excerpt":{"rendered":"<p>Das Kurssystem Es gibt einen Basiskurs, in dem du die Elemente der Stimme kennenlernst. F\u00fcr alle, die diesen Basiskurs absolviert haben, gibt es den \u00dcbungskurs. Hier trainieren wir gezielt die vier Elemente des KATI-Systems, aus denen sich deine Stimme zusammensetzt. Mit gleichen Inhalten gibt es den Basisworkshop und den \u00dcbungsworkshop. Zus\u00e4tzlich bietet die Stimmschule Workshops &hellip; <\/p>\n","protected":false},"author":1,"featured_media":0,"parent":0,"menu_order":0,"comment_status":"closed","ping_status":"open","template":"","meta":{"footnotes":""},"class_list":["post-2","page","type-page","status-publish","hentry","latest_post"],"_links":{"self":[{"href":"https:\/\/diestimmschule.de\/index.php\/wp-json\/wp\/v2\/pages\/2","targetHints":{"allow":["GET"]}}],"collection":[{"href":"https:\/\/diestimmschule.de\/index.php\/wp-json\/wp\/v2\/pages"}],"about":[{"href":"https:\/\/diestimmschule.de\/index.php\/wp-json\/wp\/v2\/types\/page"}],"author":[{"embeddable":true,"href":"https:\/\/diestimmschule.de\/index.php\/wp-json\/wp\/v2\/users\/1"}],"replies":[{"embeddable":true,"href":"https:\/\/diestimmschule.de\/index.php\/wp-json\/wp\/v2\/comments?post=2"}],"version-history":[{"count":37,"href":"https:\/\/diestimmschule.de\/index.php\/wp-json\/wp\/v2\/pages\/2\/revisions"}],"predecessor-version":[{"id":2429,"href":"https:\/\/diestimmschule.de\/index.php\/wp-json\/wp\/v2\/pages\/2\/revisions\/2429"}],"wp:attachment":[{"href":"https:\/\/diestimmschule.de\/index.php\/wp-json\/wp\/v2\/media?parent=2"}],"curies":[{"name":"wp","href":"https:\/\/api.w.org\/{rel}","templated":true}]}}