{"id":1666,"date":"2025-08-11T17:36:25","date_gmt":"2025-08-11T15:36:25","guid":{"rendered":"https:\/\/diestimmschule.de\/?page_id=1666"},"modified":"2026-02-16T18:57:01","modified_gmt":"2026-02-16T17:57:01","slug":"ubungskurs-singen","status":"publish","type":"page","link":"https:\/\/diestimmschule.de\/index.php\/ubungskurs-singen\/","title":{"rendered":"\u00dcbungskurs Singen"},"content":{"rendered":"\n<p><\/p>\n\n\n\n<p>Im <strong>\u00dcbungskurs Singen<\/strong> arbeitest du intensiv mit den <strong>KATI-Elementen <\/strong>und vertiefst dabei das, was du im Basiskurs gelernt hast. Voraussetzung f\u00fcr die Teilnahme ist eine vorherige Teilnahme an einem Basiskurs Singen oder einem Basisworkshop Singen. Es geht darum, die Grundelemente deiner Stimme immer besser zu beherrschen und gleichzeitig eine Verbindung zu dir und deiner Stimme aufzubauen. Mithilfe der vier Basiselemente <strong>K\u00f6rper, Atmung, ton- und klanggebende Muskulatur<\/strong> und <strong>Intuition<\/strong> (<strong><em><a href=\"https:\/\/diestimmschule.de\/index.php\/kati-system\/\" data-type=\"page\" data-id=\"241\" target=\"_blank\" rel=\"noreferrer noopener\">siehe KATI-System<\/a><\/em><\/strong>) wirst du danach selbstst\u00e4ndig mit deiner Stimme arbeiten k\u00f6nnen.<\/p>\n\n\n\n<p>Der <strong>\u00dcbungskurs Singen<\/strong> besteht aus 12 Terminen mit bis zu h\u00f6chstens 12 Teilnehmern. In jeder Stunde stehen zwei Elemente des KATI-Systems im Vordergrund und werden anhand von \u00dcbungen, vor allem aber anhand von Liedliteratur ge\u00fcbt und trainiert.<\/p>\n\n\n\n<p>Der \u00dcbungskurs Singen ist f\u00fcr dich, wenn:<\/p>\n\n\n\n<ul class=\"wp-block-list\">\n<li>Du einen Basiskurs oder Basisworkshop Singen bereits absolviert hast<\/li>\n\n\n\n<li>Du dein Wissen und dein K\u00f6nnen vertiefen m\u00f6chtest<\/li>\n<\/ul>\n\n\n\n<h2 class=\"wp-block-heading\">Informationen:<\/h2>\n\n\n\n<ul class=\"wp-block-list\">\n<li>Ort:&nbsp;<strong>Frau-Clara-Str. 6,<em>&nbsp;<\/em><\/strong>24340 Eckernf\u00f6rde<\/li>\n\n\n\n<li><strong>H\u00f6chstens 12 Teilnehmer<\/strong><\/li>\n\n\n\n<li><strong>12 Termine<\/strong>&nbsp;mit allen Komponenten des KATI-Systems.<\/li>\n\n\n\n<li>Preis f\u00fcr diesen Kurs:&nbsp;<strong>259,- \u20ac pro Person f\u00fcr 12 Termine<\/strong><\/li>\n<\/ul>\n\n\n\n<h2 class=\"wp-block-heading\">Starttermine:<\/h2>\n\n\n\n<ul class=\"wp-block-list\">\n<li>Donnerstag, <strong>30. April 2026.<\/strong> Vormittags 11:00 Uhr<\/li>\n\n\n\n<li>Freitag,\u00a0<strong>08. Mai 2026<\/strong>. Abends 17:45 Uhr<\/li>\n<\/ul>\n\n\n\n<div class=\"wp-block-buttons is-layout-flex wp-block-buttons-is-layout-flex\">\n<div class=\"wp-block-button\"><a class=\"wp-block-button__link wp-element-button\" href=\"https:\/\/app.cituro.com\/booking\/diestimmschule#step=1\" target=\"_blank\" rel=\"noreferrer noopener\">Anmeldung hier im Buchungssystem<\/a><\/div>\n<\/div>\n","protected":false},"excerpt":{"rendered":"<p>Im \u00dcbungskurs Singen arbeitest du intensiv mit den KATI-Elementen und vertiefst dabei das, was du im Basiskurs gelernt hast. Voraussetzung f\u00fcr die Teilnahme ist eine vorherige Teilnahme an einem Basiskurs Singen oder einem Basisworkshop Singen. Es geht darum, die Grundelemente deiner Stimme immer besser zu beherrschen und gleichzeitig eine Verbindung zu dir und deiner Stimme &hellip; <\/p>\n","protected":false},"author":1,"featured_media":0,"parent":0,"menu_order":0,"comment_status":"closed","ping_status":"closed","template":"","meta":{"footnotes":""},"class_list":["post-1666","page","type-page","status-publish","hentry","latest_post"],"_links":{"self":[{"href":"https:\/\/diestimmschule.de\/index.php\/wp-json\/wp\/v2\/pages\/1666","targetHints":{"allow":["GET"]}}],"collection":[{"href":"https:\/\/diestimmschule.de\/index.php\/wp-json\/wp\/v2\/pages"}],"about":[{"href":"https:\/\/diestimmschule.de\/index.php\/wp-json\/wp\/v2\/types\/page"}],"author":[{"embeddable":true,"href":"https:\/\/diestimmschule.de\/index.php\/wp-json\/wp\/v2\/users\/1"}],"replies":[{"embeddable":true,"href":"https:\/\/diestimmschule.de\/index.php\/wp-json\/wp\/v2\/comments?post=1666"}],"version-history":[{"count":8,"href":"https:\/\/diestimmschule.de\/index.php\/wp-json\/wp\/v2\/pages\/1666\/revisions"}],"predecessor-version":[{"id":2433,"href":"https:\/\/diestimmschule.de\/index.php\/wp-json\/wp\/v2\/pages\/1666\/revisions\/2433"}],"wp:attachment":[{"href":"https:\/\/diestimmschule.de\/index.php\/wp-json\/wp\/v2\/media?parent=1666"}],"curies":[{"name":"wp","href":"https:\/\/api.w.org\/{rel}","templated":true}]}}