{"id":116,"date":"2024-11-01T14:23:52","date_gmt":"2024-11-01T13:23:52","guid":{"rendered":"https:\/\/diestimmschule.de\/?page_id=116"},"modified":"2026-02-16T17:46:45","modified_gmt":"2026-02-16T16:46:45","slug":"einzeltraining","status":"publish","type":"page","link":"https:\/\/diestimmschule.de\/index.php\/einzeltraining\/","title":{"rendered":"Einzeltraining"},"content":{"rendered":"\n<p>Einzeltraining mit dem KATI-Elementen ist mehr als Gesangsunterricht. Deine Singstimme dr\u00fcckt nicht nur aus, was du sagen willst, sondern auch, was du f\u00fchlst und wer du bist.&nbsp;<\/p>\n\n\n\n<p>Stimmtraining bedeutet f\u00fcr mich: Ich helfe dir dabei zu entdecken, wer deine Stimme ist, was sie kann und was sie dir sagen will.<br>Bist du bereit, auf deine eigene Stimme zu h\u00f6ren?<br>Bist du bereit, deiner Stimme Raum und Vertrauen zu geben?<br>Stimmtraining&nbsp;bedeutet, du r\u00e4umst alles aus dem Weg und gibst deine Stimme frei. Ohne Anstrengung und Druck.<\/p>\n\n\n\n<p>Die Termine f\u00fcr das Stimmtraining werden flexibel und nach Bedarf und Kapazit\u00e4ten vergeben. Das bedeutet, dass es m\u00f6glich ist bis 24 Stunden vorher kostenfrei abzusagen. Bei Absagen innerhalb dieser 24 Stunden wird eine Einheit Einzeltraining berechnet. Es ist auch m\u00f6glich zu tauschen oder jemand Anderen zur Stunde zu schicken.<\/p>\n\n\n\n<figure class=\"wp-block-table\"><table class=\"has-fixed-layout\"><tbody><tr><td>45 min. Einzeltraining einmalig<\/td><td>65,- \u20ac<\/td><\/tr><tr><td>Es k\u00f6nnen 15 Minuten dazu gebucht werden<\/td><td>15,- \u20ac<\/td><\/tr><\/tbody><\/table><\/figure>\n\n\n\n<p><strong><em>Freundschaftspreise<\/em><\/strong>:<\/p>\n\n\n\n<p>Dir ist das zu teuer? Dann teile dir doch die Stunden mit stimmbegeisterten Freunden oder Bekannten. Oder schreib mir und lass dich auf die Liste f\u00fcr gemeinsamen Unterricht setzen. In diesem Fall geht die Stunde 70 Minuten und wird in einen Warming Up Teil und in Einzelarbeit aufgeteilt. Man lernt viel durch Beobachten und Zuh\u00f6ren. Die Konditionen daf\u00fcr:<\/p>\n\n\n\n<figure class=\"wp-block-table\"><table class=\"has-fixed-layout\"><tbody><tr><td>70 Minuten mit zwei Teilnehmern (20 Minuten Warm up und 25 Minuten Einzelarbeit pro Teilnehmer):<\/td><td>44,50 \u20ac pro Person<\/td><\/tr><tr><td>70 Minuten mit drei Teilnehmern (10 Minuten Warm up und 20 Minuten Einzelarbeit pro Teilnehmer):<\/td><td>29,- \u20ac pro Person<\/td><\/tr><\/tbody><\/table><\/figure>\n\n\n\n<div class=\"wp-block-buttons is-layout-flex wp-block-buttons-is-layout-flex\">\n<div class=\"wp-block-button\"><a class=\"wp-block-button__link wp-element-button\" href=\"https:\/\/app.cituro.com\/booking\/diestimmschule#step=1\" target=\"_blank\" rel=\"noreferrer noopener\">Buche hier deine Einzelstunde \u00fcber das Buchungssystem<\/a><\/div>\n<\/div>\n\n\n\n<p><\/p>\n\n\n\n<p>Wenn du noch nie eine Stunde bei mir hattest bitte ich dich, erst mal nur eine Einzelstunde zu buchen, da ich sehr ausgebucht bin. Alles weitere k\u00f6nnen wir dann besprechen. <\/p>\n","protected":false},"excerpt":{"rendered":"<p>Einzeltraining mit dem KATI-Elementen ist mehr als Gesangsunterricht. Deine Singstimme dr\u00fcckt nicht nur aus, was du sagen willst, sondern auch, was du f\u00fchlst und wer du bist.&nbsp; Stimmtraining bedeutet f\u00fcr mich: Ich helfe dir dabei zu entdecken, wer deine Stimme ist, was sie kann und was sie dir sagen will.Bist du bereit, auf deine eigene &hellip; <\/p>\n","protected":false},"author":1,"featured_media":0,"parent":0,"menu_order":0,"comment_status":"closed","ping_status":"closed","template":"","meta":{"footnotes":""},"class_list":["post-116","page","type-page","status-publish","hentry","latest_post"],"_links":{"self":[{"href":"https:\/\/diestimmschule.de\/index.php\/wp-json\/wp\/v2\/pages\/116","targetHints":{"allow":["GET"]}}],"collection":[{"href":"https:\/\/diestimmschule.de\/index.php\/wp-json\/wp\/v2\/pages"}],"about":[{"href":"https:\/\/diestimmschule.de\/index.php\/wp-json\/wp\/v2\/types\/page"}],"author":[{"embeddable":true,"href":"https:\/\/diestimmschule.de\/index.php\/wp-json\/wp\/v2\/users\/1"}],"replies":[{"embeddable":true,"href":"https:\/\/diestimmschule.de\/index.php\/wp-json\/wp\/v2\/comments?post=116"}],"version-history":[{"count":18,"href":"https:\/\/diestimmschule.de\/index.php\/wp-json\/wp\/v2\/pages\/116\/revisions"}],"predecessor-version":[{"id":2423,"href":"https:\/\/diestimmschule.de\/index.php\/wp-json\/wp\/v2\/pages\/116\/revisions\/2423"}],"wp:attachment":[{"href":"https:\/\/diestimmschule.de\/index.php\/wp-json\/wp\/v2\/media?parent=116"}],"curies":[{"name":"wp","href":"https:\/\/api.w.org\/{rel}","templated":true}]}}